{"id":765,"date":"2021-11-02T07:59:32","date_gmt":"2021-11-02T07:59:32","guid":{"rendered":"http:\/\/vswullersdorf.ac.at\/?page_id=765"},"modified":"2026-01-02T07:48:26","modified_gmt":"2026-01-02T07:48:26","slug":"klassen-3","status":"publish","type":"page","link":"https:\/\/vswullersdorf.ac.at\/?page_id=765","title":{"rendered":"Klassen"},"content":{"rendered":"<h5>1a-Klasse<\/h5>\n<h5>Klassenlehrerin Dipl. P\u00e4d. VL Bettina Endler<\/h5>\n<p><img loading=\"lazy\" decoding=\"async\" class=\"alignnone wp-image-2064\" src=\"http:\/\/vswullersdorf.ac.at\/wp-content\/uploads\/2025\/09\/1a_KL_DSC_5457-x20-300x217.jpg\" alt=\"\" width=\"975\" height=\"705\" srcset=\"https:\/\/vswullersdorf.ac.at\/wp-content\/uploads\/2025\/09\/1a_KL_DSC_5457-x20-300x217.jpg 300w, https:\/\/vswullersdorf.ac.at\/wp-content\/uploads\/2025\/09\/1a_KL_DSC_5457-x20-768x555.jpg 768w, https:\/\/vswullersdorf.ac.at\/wp-content\/uploads\/2025\/09\/1a_KL_DSC_5457-x20.jpg 800w\" sizes=\"auto, (max-width: 975px) 100vw, 975px\" \/><\/p>\n<h5><strong>1b-Klasse<\/strong><\/h5>\n<h5><strong>Klassenlehrerin Dipl.P\u00e4d. VL Andrea Habermayer<br \/>\n<\/strong>Unterrichtsassistentin Tina Mittelmaier<\/h5>\n<h5><img loading=\"lazy\" decoding=\"async\" class=\"alignnone wp-image-2065\" src=\"http:\/\/vswullersdorf.ac.at\/wp-content\/uploads\/2025\/09\/1B_Kl_DSC_5593-x-18-300x217.jpg\" alt=\"\" width=\"910\" height=\"658\" srcset=\"https:\/\/vswullersdorf.ac.at\/wp-content\/uploads\/2025\/09\/1B_Kl_DSC_5593-x-18-300x217.jpg 300w, https:\/\/vswullersdorf.ac.at\/wp-content\/uploads\/2025\/09\/1B_Kl_DSC_5593-x-18-768x555.jpg 768w, https:\/\/vswullersdorf.ac.at\/wp-content\/uploads\/2025\/09\/1B_Kl_DSC_5593-x-18.jpg 800w\" sizes=\"auto, (max-width: 910px) 100vw, 910px\" \/><\/h5>\n<h5>2. Klasse<\/h5>\n<h5>Klassenlehrerin Dipl.P\u00e4d. SR Marianne Rohrer<\/h5>\n<p><img loading=\"lazy\" decoding=\"async\" class=\"alignnone wp-image-2069\" src=\"http:\/\/vswullersdorf.ac.at\/wp-content\/uploads\/2025\/09\/2_Kl_22x5402-300x217.jpg\" alt=\"\" width=\"1340\" height=\"969\" srcset=\"https:\/\/vswullersdorf.ac.at\/wp-content\/uploads\/2025\/09\/2_Kl_22x5402-300x217.jpg 300w, https:\/\/vswullersdorf.ac.at\/wp-content\/uploads\/2025\/09\/2_Kl_22x5402-768x555.jpg 768w, https:\/\/vswullersdorf.ac.at\/wp-content\/uploads\/2025\/09\/2_Kl_22x5402.jpg 800w\" sizes=\"auto, (max-width: 1340px) 100vw, 1340px\" \/><\/p>\n<h5><\/h5>\n<h5>3a-Klasse<\/h5>\n<p><strong>Klassenlehrerin Dipl.P\u00e4d. VOL Romana Haimberger, BEd<\/strong><\/p>\n<p><img loading=\"lazy\" decoding=\"async\" class=\"alignnone wp-image-2071\" src=\"http:\/\/vswullersdorf.ac.at\/wp-content\/uploads\/2025\/09\/3a_KL_DSC_5423-x15-300x217.jpg\" alt=\"\" width=\"1268\" height=\"917\" srcset=\"https:\/\/vswullersdorf.ac.at\/wp-content\/uploads\/2025\/09\/3a_KL_DSC_5423-x15-300x217.jpg 300w, https:\/\/vswullersdorf.ac.at\/wp-content\/uploads\/2025\/09\/3a_KL_DSC_5423-x15-768x555.jpg 768w, https:\/\/vswullersdorf.ac.at\/wp-content\/uploads\/2025\/09\/3a_KL_DSC_5423-x15.jpg 800w\" sizes=\"auto, (max-width: 1268px) 100vw, 1268px\" \/><\/p>\n<p>&nbsp;<\/p>\n<p><strong>3b-Klasse<\/strong><\/p>\n<p><strong>Klassenlehrerin Tamara Sokol, BEd<\/strong><\/p>\n<p><img loading=\"lazy\" decoding=\"async\" class=\"alignnone wp-image-2073\" src=\"http:\/\/vswullersdorf.ac.at\/wp-content\/uploads\/2025\/09\/3b_KL_DSC_5567x16-300x217.jpg\" alt=\"\" width=\"1340\" height=\"969\" srcset=\"https:\/\/vswullersdorf.ac.at\/wp-content\/uploads\/2025\/09\/3b_KL_DSC_5567x16-300x217.jpg 300w, https:\/\/vswullersdorf.ac.at\/wp-content\/uploads\/2025\/09\/3b_KL_DSC_5567x16-768x555.jpg 768w, https:\/\/vswullersdorf.ac.at\/wp-content\/uploads\/2025\/09\/3b_KL_DSC_5567x16.jpg 800w\" sizes=\"auto, (max-width: 1340px) 100vw, 1340px\" \/><\/p>\n<p>&nbsp;<\/p>\n<h5>4. Klasse<\/h5>\n<p><strong>Klassenlehrerin Dipl. P\u00e4d. VOL Kerstin Karl<br \/>\nLehrerin f\u00fcr Teilung in Deutsch und Mathematik: Julia Sch\u00f6berl, BEd<br \/>\nDirektorin Dipl. P\u00e4d. OSR Anita Heske<\/strong><\/p>\n<p><img loading=\"lazy\" decoding=\"async\" class=\"alignnone wp-image-2075\" src=\"http:\/\/vswullersdorf.ac.at\/wp-content\/uploads\/2025\/09\/4_KL_DSC_5551-x29-300x217.jpg\" alt=\"\" width=\"1154\" height=\"835\" srcset=\"https:\/\/vswullersdorf.ac.at\/wp-content\/uploads\/2025\/09\/4_KL_DSC_5551-x29-300x217.jpg 300w, https:\/\/vswullersdorf.ac.at\/wp-content\/uploads\/2025\/09\/4_KL_DSC_5551-x29-768x555.jpg 768w, https:\/\/vswullersdorf.ac.at\/wp-content\/uploads\/2025\/09\/4_KL_DSC_5551-x29.jpg 800w\" sizes=\"auto, (max-width: 1154px) 100vw, 1154px\" \/><\/p>\n<p>&nbsp;<\/p>\n<h5><\/h5>\n<p>&nbsp;<\/p>\n","protected":false},"excerpt":{"rendered":"<p>1a-Klasse Klassenlehrerin Dipl. P\u00e4d. VL Bettina Endler 1b-Klasse Klassenlehrerin Dipl.P\u00e4d. VL Andrea Habermayer Unterrichtsassistentin Tina Mittelmaier 2. Klasse Klassenlehrerin Dipl.P\u00e4d. SR Marianne Rohrer 3a-Klasse Klassenlehrerin Dipl.P\u00e4d. VOL Romana Haimberger, BEd &nbsp; 3b-Klasse Klassenlehrerin Tamara Sokol, BEd &nbsp; 4. Klasse Klassenlehrerin Dipl. P\u00e4d. VOL Kerstin Karl Lehrerin f\u00fcr Teilung in Deutsch<\/p>\n","protected":false},"author":2,"featured_media":0,"parent":0,"menu_order":0,"comment_status":"closed","ping_status":"closed","template":"","meta":{"footnotes":""},"class_list":["post-765","page","type-page","status-publish","hentry"],"_links":{"self":[{"href":"https:\/\/vswullersdorf.ac.at\/index.php?rest_route=\/wp\/v2\/pages\/765","targetHints":{"allow":["GET"]}}],"collection":[{"href":"https:\/\/vswullersdorf.ac.at\/index.php?rest_route=\/wp\/v2\/pages"}],"about":[{"href":"https:\/\/vswullersdorf.ac.at\/index.php?rest_route=\/wp\/v2\/types\/page"}],"author":[{"embeddable":true,"href":"https:\/\/vswullersdorf.ac.at\/index.php?rest_route=\/wp\/v2\/users\/2"}],"replies":[{"embeddable":true,"href":"https:\/\/vswullersdorf.ac.at\/index.php?rest_route=%2Fwp%2Fv2%2Fcomments&post=765"}],"version-history":[{"count":33,"href":"https:\/\/vswullersdorf.ac.at\/index.php?rest_route=\/wp\/v2\/pages\/765\/revisions"}],"predecessor-version":[{"id":2274,"href":"https:\/\/vswullersdorf.ac.at\/index.php?rest_route=\/wp\/v2\/pages\/765\/revisions\/2274"}],"wp:attachment":[{"href":"https:\/\/vswullersdorf.ac.at\/index.php?rest_route=%2Fwp%2Fv2%2Fmedia&parent=765"}],"curies":[{"name":"wp","href":"https:\/\/api.w.org\/{rel}","templated":true}]}}